{"id":245,"date":"2016-01-10T17:28:39","date_gmt":"2016-01-10T17:28:39","guid":{"rendered":"http:\/\/149.210.146.244\/~balderbu\/?page_id=245"},"modified":"2022-08-05T15:33:55","modified_gmt":"2022-08-05T15:33:55","slug":"pups","status":"publish","type":"page","link":"https:\/\/balderbusse.nl\/de\/pups-2\/pups\/","title":{"rendered":"Allgemeine info \u00fcber unsere welpen"},"content":{"rendered":"<p>Unsere welpen besitzen beim auszug eine ahnentafel und EU-impfpass. Sie sind entwurmt, geimpft und gechipt. Sie bekommen eine gesundheitserkl\u00e4rung, DNA-profil und eine herz voruntersuchung von kardiologen.<a href=\"http:\/\/149.210.146.244\/~balderbu\/wp-content\/uploads\/2016\/01\/IMG_6284.jpg\" rel=\"attachment wp-att-280\"><img loading=\"lazy\" decoding=\"async\" width=\"300\" height=\"206\" class=\"size-medium wp-image-280 alignleft\" alt=\"IMG_6284\" src=\"http:\/\/149.210.146.244\/~balderbu\/wp-content\/uploads\/2016\/01\/IMG_6284-300x206.jpg\" srcset=\"https:\/\/balderbusse.nl\/wp-content\/uploads\/2016\/01\/IMG_6284-300x206.jpg 300w, https:\/\/balderbusse.nl\/wp-content\/uploads\/2016\/01\/IMG_6284-768x528.jpg 768w, https:\/\/balderbusse.nl\/wp-content\/uploads\/2016\/01\/IMG_6284-1024x704.jpg 1024w\" sizes=\"(max-width: 300px) 100vw, 300px\" \/><\/a><\/p>\n<p>Bei interesse an einen welpen w\u00fcrden wir uns \u00fcber ein pers\u00f6nliches gespr\u00e4ch freuen.<\/p>\n<p>&nbsp;<\/p>\n<p>.<\/p>","protected":false},"excerpt":{"rendered":"<p>Unsere welpen besitzen beim auszug eine ahnentafel und EU-impfpass. Sie sind entwurmt, geimpft und gechipt. Sie bekommen eine gesundheitserkl\u00e4rung, DNA-profil und eine herz voruntersuchung von kardiologen. Bei interesse an einen welpen w\u00fcrden wir uns \u00fcber ein pers\u00f6nliches gespr\u00e4ch freuen. &nbsp; .<\/p>\n","protected":false},"author":2,"featured_media":0,"parent":274,"menu_order":0,"comment_status":"closed","ping_status":"closed","template":"","meta":{"_mi_skip_tracking":false,"ngg_post_thumbnail":0,"footnotes":""},"class_list":["post-245","page","type-page","status-publish","hentry"],"_links":{"self":[{"href":"https:\/\/balderbusse.nl\/de\/wp-json\/wp\/v2\/pages\/245"}],"collection":[{"href":"https:\/\/balderbusse.nl\/de\/wp-json\/wp\/v2\/pages"}],"about":[{"href":"https:\/\/balderbusse.nl\/de\/wp-json\/wp\/v2\/types\/page"}],"author":[{"embeddable":true,"href":"https:\/\/balderbusse.nl\/de\/wp-json\/wp\/v2\/users\/2"}],"replies":[{"embeddable":true,"href":"https:\/\/balderbusse.nl\/de\/wp-json\/wp\/v2\/comments?post=245"}],"version-history":[{"count":24,"href":"https:\/\/balderbusse.nl\/de\/wp-json\/wp\/v2\/pages\/245\/revisions"}],"predecessor-version":[{"id":2666,"href":"https:\/\/balderbusse.nl\/de\/wp-json\/wp\/v2\/pages\/245\/revisions\/2666"}],"up":[{"embeddable":true,"href":"https:\/\/balderbusse.nl\/de\/wp-json\/wp\/v2\/pages\/274"}],"wp:attachment":[{"href":"https:\/\/balderbusse.nl\/de\/wp-json\/wp\/v2\/media?parent=245"}],"curies":[{"name":"wp","href":"https:\/\/api.w.org\/{rel}","templated":true}]}}